{"id":1289,"date":"2023-06-22T10:19:40","date_gmt":"2023-06-22T10:19:40","guid":{"rendered":"https:\/\/asigen.es\/calidad-y-medio-ambiente\/"},"modified":"2023-06-28T16:50:52","modified_gmt":"2023-06-28T16:50:52","slug":"calidad-y-medio-ambiente","status":"publish","type":"page","link":"https:\/\/asigen.es\/en\/calidad-y-medio-ambiente\/","title":{"rendered":"Calidad y medio ambiente"},"content":{"rendered":"\t\t<div data-elementor-type=\"wp-page\" data-elementor-id=\"1289\" class=\"elementor elementor-1289 elementor-981\">\n\t\t\t\t\t\t\t\t\t<section class=\"elementor-section elementor-top-section elementor-element elementor-element-9679a71 elementor-section-boxed elementor-section-height-default elementor-section-height-default\" data-id=\"9679a71\" data-element_type=\"section\" data-settings=\"{&quot;background_background&quot;:&quot;classic&quot;,&quot;_ha_eqh_enable&quot;:false}\">\n\t\t\t\t\t\t\t<div class=\"elementor-background-overlay\"><\/div>\n\t\t\t\t\t\t\t<div class=\"elementor-container elementor-column-gap-default\">\n\t\t\t\t\t<div class=\"elementor-column elementor-col-100 elementor-top-column elementor-element elementor-element-afa4191\" data-id=\"afa4191\" data-element_type=\"column\">\n\t\t\t<div class=\"elementor-widget-wrap elementor-element-populated\">\n\t\t\t\t\t\t\t\t<div class=\"elementor-element elementor-element-8f42db6 elementor-widget elementor-widget-heading\" data-id=\"8f42db6\" data-element_type=\"widget\" data-widget_type=\"heading.default\">\n\t\t\t\t<div class=\"elementor-widget-container\">\n\t\t\t<style>\/*! elementor - v3.13.3 - 28-05-2023 *\/\n.elementor-heading-title{padding:0;margin:0;line-height:1}.elementor-widget-heading .elementor-heading-title[class*=elementor-size-]>a{color:inherit;font-size:inherit;line-height:inherit}.elementor-widget-heading .elementor-heading-title.elementor-size-small{font-size:15px}.elementor-widget-heading .elementor-heading-title.elementor-size-medium{font-size:19px}.elementor-widget-heading .elementor-heading-title.elementor-size-large{font-size:29px}.elementor-widget-heading .elementor-heading-title.elementor-size-xl{font-size:39px}.elementor-widget-heading .elementor-heading-title.elementor-size-xxl{font-size:59px}<\/style><h2 class=\"elementor-heading-title elementor-size-default\">Calidad y Medioambiente\n<\/h2>\t\t<\/div>\n\t\t\t\t<\/div>\n\t\t\t\t\t<\/div>\n\t\t<\/div>\n\t\t\t\t\t\t\t<\/div>\n\t\t<\/section>\n\t\t\t\t<section class=\"elementor-section elementor-top-section elementor-element elementor-element-bf38a1d elementor-section-boxed elementor-section-height-default elementor-section-height-default\" data-id=\"bf38a1d\" data-element_type=\"section\" data-settings=\"{&quot;_ha_eqh_enable&quot;:false}\">\n\t\t\t\t\t\t<div class=\"elementor-container elementor-column-gap-default\">\n\t\t\t\t\t<div class=\"elementor-column elementor-col-100 elementor-top-column elementor-element elementor-element-feee32f\" data-id=\"feee32f\" data-element_type=\"column\">\n\t\t\t<div class=\"elementor-widget-wrap elementor-element-populated\">\n\t\t\t\t\t\t\t\t<div class=\"elementor-element elementor-element-8d4e7f3 elementor-widget elementor-widget-text-editor\" data-id=\"8d4e7f3\" data-element_type=\"widget\" data-widget_type=\"text-editor.default\">\n\t\t\t\t<div class=\"elementor-widget-container\">\n\t\t\t<style>\/*! elementor - v3.13.3 - 28-05-2023 *\/\n.elementor-widget-text-editor.elementor-drop-cap-view-stacked .elementor-drop-cap{background-color:#69727d;color:#fff}.elementor-widget-text-editor.elementor-drop-cap-view-framed .elementor-drop-cap{color:#69727d;border:3px solid;background-color:transparent}.elementor-widget-text-editor:not(.elementor-drop-cap-view-default) .elementor-drop-cap{margin-top:8px}.elementor-widget-text-editor:not(.elementor-drop-cap-view-default) .elementor-drop-cap-letter{width:1em;height:1em}.elementor-widget-text-editor .elementor-drop-cap{float:left;text-align:center;line-height:1;font-size:50px}.elementor-widget-text-editor .elementor-drop-cap-letter{display:inline-block}<\/style>\t\t\t\tPol\u00edtica integrada de calidad<span style=\"color: #048219;\"> y medio ambiente <\/span> \n\t\t\t\t\t\t<\/div>\n\t\t\t\t<\/div>\n\t\t\t\t<div class=\"elementor-element elementor-element-4b44927 elementor-widget elementor-widget-text-editor\" data-id=\"4b44927\" data-element_type=\"widget\" data-widget_type=\"text-editor.default\">\n\t\t\t\t<div class=\"elementor-widget-container\">\n\t\t\t\t\t\t\t<p>ASIGEN Ingenier\u00eda y Consultor\u00eda SL es una firma de ingenier\u00eda y consultor\u00eda especializada en los sectores industrial y energ\u00e9tico. Desarrollamos soluciones adaptadas para cada fase de proyecto (promoci\u00f3n, inversi\u00f3n, ingenier\u00eda y dise\u00f1o, gesti\u00f3n de proyecto, construcci\u00f3n y puesta en servicio), aportando altas dosis de especializaci\u00f3n, compromiso y rigor con el objetivo de satisfacer todos los requisitos legales, normativos y contractuales as\u00ed como necesidades particulares de cada cliente.<\/p>\n<p>ASIGEN, en su af\u00e1n de garantizar el m\u00e1ximo de calidad en los servicios que presta y maximizar la sostenibilidad en sus acciones, ha desarrollado, implantado y comunicado a todos los interesados un Sistema de Gesti\u00f3n de Calidad y Medio Ambiente de acuerdo a las normas ISO 9001:2015 e ISO 14001:2015.<br \/>Los compromisos principales que establece el sistema de gesti\u00f3n implantado son:<\/p>\n<ul>\n<li>La <strong>satisfacci\u00f3n del Cliente<\/strong> deber\u00e1 ser el estandarte de nuestro trabajo para:\n<ul>\n<li>Garantizar los requisitos y cumplir las expectativas del cliente y de las partes interesadas.<\/li>\n<li>Desarrollar con el m\u00e1ximo de calidad y agilidad los trabajos ejecutados.<\/li>\n<li>Evaluar objetivamente la satisfacci\u00f3n de los clientes.<\/li>\n<\/ul>\n<\/li>\n<li><strong>Calidad y la Innovaci\u00f3n.<\/strong> La calidad y la innovaci\u00f3n deber\u00e1n reflejarse en todos los servicios desarrollados para convertirse en factores de diferenciaci\u00f3n de ASIGEN sobre sus competidores.<\/li>\n<li><strong>Sostenibilidad y Protecci\u00f3n del Medio Ambiente.<\/strong> ASIGEN pondr\u00e1 el m\u00e1ximo empe\u00f1o para:\n<ul>\n<li>Desarrollar con m\u00e1ximo respeto por el Medio Ambiente y la Sostenibilidad los procesos necesarios.<\/li>\n<li>Cumplir con los requisitos legales, con toda la normativa vigente as\u00ed como con las mejores pr\u00e1cticas de ingenier\u00eda en cuestiones medioambientales.<\/li>\n<\/ul>\n<\/li>\n<li><strong>Control de Proyectos.<\/strong> Implantar, controlar, monitorizar y actuar sobre todos los indicadores de progreso de los proyectos como son la planificaci\u00f3n, los recursos, los costes, los cambios, los riesgos y la satisfacci\u00f3n del cliente que se sirvan para implementar un sistema de mejora continua tanto de los procesos productivos como del propio sistema de gesti\u00f3n.<\/li>\n<li><strong>Formaci\u00f3n e Implicaci\u00f3n.<\/strong> Todas las personas deber\u00e1n conocer, asumir, mantener y aplicar los sistemas de gesti\u00f3n de calidad en sus actividades laborales.<\/li>\n<\/ul>\n<p>Por \u00faltimo, la direcci\u00f3n de ASIGEN se compromete proporcionar los recursos necesarios para cumplir el SGCMA as\u00ed como revisar y actualizar la presente pol\u00edtica para asegurar que recoge las recomendaciones y mejores pr\u00e1cticas relacionadas con la calidad y la ingenier\u00eda.<\/p>\n<p>En Madrid, 28 de septiembre de 2021,<\/p>\n\t\t\t\t\t\t<\/div>\n\t\t\t\t<\/div>\n\t\t\t\t<div class=\"elementor-element elementor-element-e7633e6 elementor-widget elementor-widget-image\" data-id=\"e7633e6\" data-element_type=\"widget\" data-widget_type=\"image.default\">\n\t\t\t\t<div class=\"elementor-widget-container\">\n\t\t\t<style>\/*! elementor - v3.13.3 - 28-05-2023 *\/\n.elementor-widget-image{text-align:center}.elementor-widget-image a{display:inline-block}.elementor-widget-image a img[src$=\".svg\"]{width:48px}.elementor-widget-image img{vertical-align:middle;display:inline-block}<\/style>\t\t\t\t\t\t\t\t\t\t\t\t<img loading=\"lazy\" decoding=\"async\" width=\"1125\" height=\"316\" src=\"https:\/\/asigen.es\/wp-content\/uploads\/2023\/06\/firmas.jpeg\" class=\"attachment-full size-full wp-image-1290\" alt=\"\" srcset=\"https:\/\/asigen.es\/wp-content\/uploads\/2023\/06\/firmas.jpeg 1125w, https:\/\/asigen.es\/wp-content\/uploads\/2023\/06\/firmas-300x84.jpeg 300w, https:\/\/asigen.es\/wp-content\/uploads\/2023\/06\/firmas-1024x288.jpeg 1024w, https:\/\/asigen.es\/wp-content\/uploads\/2023\/06\/firmas-768x216.jpeg 768w\" sizes=\"auto, (max-width: 1125px) 100vw, 1125px\" \/>\t\t\t\t\t\t\t\t\t\t\t\t\t\t\t<\/div>\n\t\t\t\t<\/div>\n\t\t\t\t\t<\/div>\n\t\t<\/div>\n\t\t\t\t\t\t\t<\/div>\n\t\t<\/section>\n\t\t\t\t\t\t\t<\/div>\n\t\t","protected":false},"excerpt":{"rendered":"<p>Calidad y Medioambiente Pol\u00edtica integrada de calidad y medio ambiente ASIGEN Ingenier\u00eda y Consultor\u00eda SL es una firma de ingenier\u00eda y consultor\u00eda especializada en los sectores industrial y energ\u00e9tico. Desarrollamos soluciones adaptadas para cada fase de proyecto (promoci\u00f3n, inversi\u00f3n, ingenier\u00eda y dise\u00f1o, gesti\u00f3n de proyecto, construcci\u00f3n y puesta en servicio), aportando altas dosis de especializaci\u00f3n, [&hellip;]<\/p>\n","protected":false},"author":1,"featured_media":0,"parent":0,"menu_order":0,"comment_status":"closed","ping_status":"closed","template":"","meta":{"footnotes":""},"class_list":["post-1289","page","type-page","status-publish","hentry"],"yoast_head":"<!-- This site is optimized with the Yoast SEO plugin v20.8 - https:\/\/yoast.com\/wordpress\/plugins\/seo\/ -->\n<title>Calidad y medio ambiente - Asigen<\/title>\n<meta name=\"robots\" content=\"index, follow, max-snippet:-1, max-image-preview:large, max-video-preview:-1\" \/>\n<link rel=\"canonical\" href=\"https:\/\/asigen.es\/en\/calidad-y-medio-ambiente\/\" \/>\n<meta property=\"og:locale\" content=\"en_US\" \/>\n<meta property=\"og:type\" content=\"article\" \/>\n<meta property=\"og:title\" content=\"Calidad y medio ambiente - Asigen\" \/>\n<meta property=\"og:description\" content=\"Calidad y Medioambiente Pol\u00edtica integrada de calidad y medio ambiente ASIGEN Ingenier\u00eda y Consultor\u00eda SL es una firma de ingenier\u00eda y consultor\u00eda especializada en los sectores industrial y energ\u00e9tico. Desarrollamos soluciones adaptadas para cada fase de proyecto (promoci\u00f3n, inversi\u00f3n, ingenier\u00eda y dise\u00f1o, gesti\u00f3n de proyecto, construcci\u00f3n y puesta en servicio), aportando altas dosis de especializaci\u00f3n, [&hellip;]\" \/>\n<meta property=\"og:url\" content=\"https:\/\/asigen.es\/en\/calidad-y-medio-ambiente\/\" \/>\n<meta property=\"og:site_name\" content=\"Asigen\" \/>\n<meta property=\"article:modified_time\" content=\"2023-06-28T16:50:52+00:00\" \/>\n<meta property=\"og:image\" content=\"https:\/\/asigen.es\/wp-content\/uploads\/2023\/06\/firmas.jpeg\" \/>\n<meta name=\"twitter:card\" content=\"summary_large_image\" \/>\n<meta name=\"twitter:label1\" content=\"Est. reading time\" \/>\n\t<meta name=\"twitter:data1\" content=\"2 minutes\" \/>\n<script type=\"application\/ld+json\" class=\"yoast-schema-graph\">{\"@context\":\"https:\/\/schema.org\",\"@graph\":[{\"@type\":\"WebPage\",\"@id\":\"https:\/\/asigen.es\/en\/calidad-y-medio-ambiente\/\",\"url\":\"https:\/\/asigen.es\/en\/calidad-y-medio-ambiente\/\",\"name\":\"Calidad y medio ambiente - Asigen\",\"isPartOf\":{\"@id\":\"https:\/\/asigen.es\/#website\"},\"datePublished\":\"2023-06-22T10:19:40+00:00\",\"dateModified\":\"2023-06-28T16:50:52+00:00\",\"breadcrumb\":{\"@id\":\"https:\/\/asigen.es\/en\/calidad-y-medio-ambiente\/#breadcrumb\"},\"inLanguage\":\"en-US\",\"potentialAction\":[{\"@type\":\"ReadAction\",\"target\":[\"https:\/\/asigen.es\/en\/calidad-y-medio-ambiente\/\"]}]},{\"@type\":\"BreadcrumbList\",\"@id\":\"https:\/\/asigen.es\/en\/calidad-y-medio-ambiente\/#breadcrumb\",\"itemListElement\":[{\"@type\":\"ListItem\",\"position\":1,\"name\":\"Portada\",\"item\":\"https:\/\/asigen.es\/en\/\"},{\"@type\":\"ListItem\",\"position\":2,\"name\":\"Calidad y medio ambiente\"}]},{\"@type\":\"WebSite\",\"@id\":\"https:\/\/asigen.es\/#website\",\"url\":\"https:\/\/asigen.es\/\",\"name\":\"Asigen\",\"description\":\"\",\"publisher\":{\"@id\":\"https:\/\/asigen.es\/#organization\"},\"potentialAction\":[{\"@type\":\"SearchAction\",\"target\":{\"@type\":\"EntryPoint\",\"urlTemplate\":\"https:\/\/asigen.es\/?s={search_term_string}\"},\"query-input\":\"required name=search_term_string\"}],\"inLanguage\":\"en-US\"},{\"@type\":\"Organization\",\"@id\":\"https:\/\/asigen.es\/#organization\",\"name\":\"Asigen\",\"url\":\"https:\/\/asigen.es\/\",\"logo\":{\"@type\":\"ImageObject\",\"inLanguage\":\"en-US\",\"@id\":\"https:\/\/asigen.es\/#\/schema\/logo\/image\/\",\"url\":\"https:\/\/asigen.es\/wp-content\/uploads\/2023\/06\/cropped-logo-final-naranja-1.png\",\"contentUrl\":\"https:\/\/asigen.es\/wp-content\/uploads\/2023\/06\/cropped-logo-final-naranja-1.png\",\"width\":296,\"height\":90,\"caption\":\"Asigen\"},\"image\":{\"@id\":\"https:\/\/asigen.es\/#\/schema\/logo\/image\/\"}}]}<\/script>\n<!-- \/ Yoast SEO plugin. -->","yoast_head_json":{"title":"Calidad y medio ambiente - Asigen","robots":{"index":"index","follow":"follow","max-snippet":"max-snippet:-1","max-image-preview":"max-image-preview:large","max-video-preview":"max-video-preview:-1"},"canonical":"https:\/\/asigen.es\/en\/calidad-y-medio-ambiente\/","og_locale":"en_US","og_type":"article","og_title":"Calidad y medio ambiente - Asigen","og_description":"Calidad y Medioambiente Pol\u00edtica integrada de calidad y medio ambiente ASIGEN Ingenier\u00eda y Consultor\u00eda SL es una firma de ingenier\u00eda y consultor\u00eda especializada en los sectores industrial y energ\u00e9tico. Desarrollamos soluciones adaptadas para cada fase de proyecto (promoci\u00f3n, inversi\u00f3n, ingenier\u00eda y dise\u00f1o, gesti\u00f3n de proyecto, construcci\u00f3n y puesta en servicio), aportando altas dosis de especializaci\u00f3n, [&hellip;]","og_url":"https:\/\/asigen.es\/en\/calidad-y-medio-ambiente\/","og_site_name":"Asigen","article_modified_time":"2023-06-28T16:50:52+00:00","og_image":[{"url":"https:\/\/asigen.es\/wp-content\/uploads\/2023\/06\/firmas.jpeg"}],"twitter_card":"summary_large_image","twitter_misc":{"Est. reading time":"2 minutes"},"schema":{"@context":"https:\/\/schema.org","@graph":[{"@type":"WebPage","@id":"https:\/\/asigen.es\/en\/calidad-y-medio-ambiente\/","url":"https:\/\/asigen.es\/en\/calidad-y-medio-ambiente\/","name":"Calidad y medio ambiente - Asigen","isPartOf":{"@id":"https:\/\/asigen.es\/#website"},"datePublished":"2023-06-22T10:19:40+00:00","dateModified":"2023-06-28T16:50:52+00:00","breadcrumb":{"@id":"https:\/\/asigen.es\/en\/calidad-y-medio-ambiente\/#breadcrumb"},"inLanguage":"en-US","potentialAction":[{"@type":"ReadAction","target":["https:\/\/asigen.es\/en\/calidad-y-medio-ambiente\/"]}]},{"@type":"BreadcrumbList","@id":"https:\/\/asigen.es\/en\/calidad-y-medio-ambiente\/#breadcrumb","itemListElement":[{"@type":"ListItem","position":1,"name":"Portada","item":"https:\/\/asigen.es\/en\/"},{"@type":"ListItem","position":2,"name":"Calidad y medio ambiente"}]},{"@type":"WebSite","@id":"https:\/\/asigen.es\/#website","url":"https:\/\/asigen.es\/","name":"Asigen","description":"","publisher":{"@id":"https:\/\/asigen.es\/#organization"},"potentialAction":[{"@type":"SearchAction","target":{"@type":"EntryPoint","urlTemplate":"https:\/\/asigen.es\/?s={search_term_string}"},"query-input":"required name=search_term_string"}],"inLanguage":"en-US"},{"@type":"Organization","@id":"https:\/\/asigen.es\/#organization","name":"Asigen","url":"https:\/\/asigen.es\/","logo":{"@type":"ImageObject","inLanguage":"en-US","@id":"https:\/\/asigen.es\/#\/schema\/logo\/image\/","url":"https:\/\/asigen.es\/wp-content\/uploads\/2023\/06\/cropped-logo-final-naranja-1.png","contentUrl":"https:\/\/asigen.es\/wp-content\/uploads\/2023\/06\/cropped-logo-final-naranja-1.png","width":296,"height":90,"caption":"Asigen"},"image":{"@id":"https:\/\/asigen.es\/#\/schema\/logo\/image\/"}}]}},"_links":{"self":[{"href":"https:\/\/asigen.es\/en\/wp-json\/wp\/v2\/pages\/1289","targetHints":{"allow":["GET"]}}],"collection":[{"href":"https:\/\/asigen.es\/en\/wp-json\/wp\/v2\/pages"}],"about":[{"href":"https:\/\/asigen.es\/en\/wp-json\/wp\/v2\/types\/page"}],"author":[{"embeddable":true,"href":"https:\/\/asigen.es\/en\/wp-json\/wp\/v2\/users\/1"}],"replies":[{"embeddable":true,"href":"https:\/\/asigen.es\/en\/wp-json\/wp\/v2\/comments?post=1289"}],"version-history":[{"count":1,"href":"https:\/\/asigen.es\/en\/wp-json\/wp\/v2\/pages\/1289\/revisions"}],"predecessor-version":[{"id":1291,"href":"https:\/\/asigen.es\/en\/wp-json\/wp\/v2\/pages\/1289\/revisions\/1291"}],"wp:attachment":[{"href":"https:\/\/asigen.es\/en\/wp-json\/wp\/v2\/media?parent=1289"}],"curies":[{"name":"wp","href":"https:\/\/api.w.org\/{rel}","templated":true}]}}